{"id":98,"date":"2021-06-23T08:10:18","date_gmt":"2021-06-23T08:10:18","guid":{"rendered":"https:\/\/driveandgo.pl\/?page_id=98"},"modified":"2021-06-24T16:45:15","modified_gmt":"2021-06-24T16:45:15","slug":"samochody","status":"publish","type":"page","link":"https:\/\/driveandgo.pl\/index.php\/samochody\/","title":{"rendered":"Samochody"},"content":{"rendered":"\n<p class=\"has-medium-font-size\">\u017beby rozpocz\u0105\u0107 przewozy na popularnych platformach samoch\u00f3d musi spe\u0142nia\u0107 nast\u0119puj\u0105ce wymagania. Na stronie Ubera podane s\u0105 nast\u0119puj\u0105ce wymagania:<\/p>\n\n\n\n<ul class=\"has-medium-font-size wp-block-list\"><li>Model z roku 2005 lub nowszy w&nbsp;Warszawie<\/li><li>Model z roku 2007 lub nowszy w Lublinie i&nbsp;Szczecinie<\/li><li>Model z roku 2002 lub nowszy w Krakowie, Wroc\u0142awiu, Poznaniu, Tr\u00f3jmie\u015bcie, na \u015al\u0105sku i w&nbsp;\u0141odzi<\/li><li>4\/5-drzwiowy&nbsp;sedan<\/li><li>Kierownica po lewej&nbsp;stronie<\/li><li>Dobry stan&nbsp;techniczny<\/li><li>Zarejestrowany dla co najmniej 5&nbsp;os\u00f3b<\/li><li>Zarejestrowany w&nbsp;UE<\/li><li>Samoch\u00f3d musi by\u0107 ubezpieczony i mie\u0107 aktualny&nbsp;przegl\u0105d<\/li><\/ul>\n\n\n\n<p class=\"has-medium-font-size\">Posiadaj\u0105c odpowiedniej klasy samoch\u00f3d oraz ocen\u0119 na poziomie 4,8 lub wy\u017cej z 500 ostatnich przejazd\u00f3w uzyskujesz dost\u0119p do wykonywania przejazd\u00f3w Comfort.<\/p>\n\n\n\n<p class=\"has-medium-font-size\">Us\u0142uga <strong>Uber\u00a0Comfort<\/strong> mo\u017ce by\u0107 realizowana przez kierowc\u00f3w, kt\u00f3rzy uko\u0144czyli ponad 150\u00a0przejazd\u00f3w (Krak\u00f3w), 200\u00a0przejazd\u00f3w (wy\u0142\u0105cznie Tr\u00f3jmiasto) lub 250\u00a0przejazd\u00f3w (Warszawa, Pozna\u0144, Wroc\u0142aw), utrzymali ocen\u0119 na poziomie co najmniej\u00a04,85 i je\u017cd\u017c\u0105 pojazdem spe\u0142niaj\u0105cym wszystkie wymogi. <\/p>\n\n\n\n<p class=\"has-medium-font-size\">Us\u0142ug\u0105 premium jest <strong>Uber Black<\/strong>. Poni\u017cej informacja bezpo\u015brednio ze strony Ubera<\/p>\n\n\n\n<p class=\"has-medium-font-size\">Uber&nbsp;Black to przejazdy premium z&nbsp;najwy\u017cej ocenianymi kierowcami. Ta specjalna us\u0142uga zosta\u0142a stworzona z&nbsp;my\u015bl\u0105 o&nbsp;naszych najbardziej wymagaj\u0105cych pasa\u017cerach, kt\u00f3rzy ceni\u0105 sobie klas\u0119 i wygod\u0119. Aby realizowa\u0107 przejazdy Uber&nbsp;Black, musisz spe\u0142nia\u0107 wymogi dotycz\u0105ce przejazd\u00f3w Uber&nbsp;Select oraz dodatkowe wymagania, np. mie\u0107 sk\u00f3rzane fotele w samochodzie. Kierowca musi je\u017adzi\u0107 samochodem wyprodukowanym nie wcze\u015bniej ni\u017c w&nbsp;2012&nbsp;roku. U g\u00f3ry strony znajduje si\u0119 lista dopuszczonych pojazd\u00f3w.<\/p>\n\n\n\n<p class=\"has-medium-font-size\">Popularne samochody kwalifikuj\u0105ce si\u0119 do Select:<\/p>\n\n\n\n<ul class=\"has-medium-font-size wp-block-list\"><li>Opel Astra<\/li><li>Ford Focus<\/li><li>Toyota Auris<\/li><li>Toyota Corolla<\/li><\/ul>\n\n\n\n<p class=\"has-medium-font-size\"><strong>Aby mie\u0107 pewno\u015b\u0107, \u017ce Tw\u00f3j samoch\u00f3d kwalifikuje si\u0119 pod konkretny rodzaj przewozu, sprawd\u017a kt\u00f3re roczniki dla twojego modelu s\u0105 akceptowane przez Uber i Bolt w danej kategorii.<\/strong><\/p>\n\n\n\n<div class=\"wp-block-columns is-layout-flex wp-container-core-columns-is-layout-9d6595d7 wp-block-columns-is-layout-flex\">\n<div class=\"wp-block-column is-layout-flow wp-block-column-is-layout-flow\" style=\"flex-basis:50%\">\n<figure class=\"wp-block-image size-large is-resized\"><a href=\"https:\/\/support.taxify.eu\/hc\/pl\/articles\/360010743320-Wymagania-dotycz%C4%85ce-samochod%C3%B3w\" target=\"_blank\" rel=\"noopener\"><img loading=\"lazy\" decoding=\"async\" src=\"https:\/\/driveandgo.pl\/wp-content\/uploads\/2021\/06\/Bolt-1-1.png\" alt=\"\" class=\"wp-image-197\" width=\"100\" height=\"100\" srcset=\"https:\/\/driveandgo.pl\/wp-content\/uploads\/2021\/06\/Bolt-1-1.png 200w, https:\/\/driveandgo.pl\/wp-content\/uploads\/2021\/06\/Bolt-1-1-150x150.png 150w\" sizes=\"auto, (max-width: 100px) 100vw, 100px\" \/><\/a><\/figure>\n<\/div>\n\n\n\n<div class=\"wp-block-column is-layout-flow wp-block-column-is-layout-flow\" style=\"flex-basis:50%\">\n<figure class=\"wp-block-image size-large is-resized\"><a href=\"https:\/\/www.uber.com\/pl\/pl\/drive\/requirements\/vehicle-requirements\/\" target=\"_blank\" rel=\"noopener\"><img loading=\"lazy\" decoding=\"async\" src=\"https:\/\/driveandgo.pl\/wp-content\/uploads\/2021\/06\/Uber.png\" alt=\"\" class=\"wp-image-194\" width=\"100\" height=\"100\" srcset=\"https:\/\/driveandgo.pl\/wp-content\/uploads\/2021\/06\/Uber.png 200w, https:\/\/driveandgo.pl\/wp-content\/uploads\/2021\/06\/Uber-150x150.png 150w\" sizes=\"auto, (max-width: 100px) 100vw, 100px\" \/><\/a><\/figure>\n<\/div>\n<\/div>\n\n\n\n<p class=\"has-medium-font-size\">Samochody rekomendowane przez nas do przewoz\u00f3w pod <strong>UberX<\/strong><\/p>\n\n\n\n<ul class=\"has-medium-font-size wp-block-list\"><li>Skoda Fabia<\/li><li>Hyundai i20<\/li><\/ul>\n","protected":false},"excerpt":{"rendered":"<p>\u017beby rozpocz\u0105\u0107 przewozy na popularnych platformach samoch\u00f3d musi spe\u0142nia\u0107 nast\u0119puj\u0105ce wymagania. Na stronie Ubera podane s\u0105 nast\u0119puj\u0105ce wymagania: Model z roku 2005 lub nowszy w&nbsp;Warszawie Model z roku 2007 lub nowszy w Lublinie i&nbsp;Szczecinie Model z roku 2002 lub nowszy w Krakowie, Wroc\u0142awiu, Poznaniu, Tr\u00f3jmie\u015bcie, na \u015al\u0105sku i w&nbsp;\u0141odzi 4\/5-drzwiowy&nbsp;sedan Kierownica po lewej&nbsp;stronie Dobry stan&nbsp;techniczny &hellip; <\/p>\n<p class=\"link-more\"><a href=\"https:\/\/driveandgo.pl\/index.php\/samochody\/\" class=\"more-link\">Czytaj dalej<span class=\"screen-reader-text\"> \u201eSamochody\u201d<\/span><\/a><\/p>\n","protected":false},"author":1,"featured_media":0,"parent":0,"menu_order":0,"comment_status":"closed","ping_status":"closed","template":"","meta":{"footnotes":""},"class_list":["post-98","page","type-page","status-publish","hentry"],"_links":{"self":[{"href":"https:\/\/driveandgo.pl\/index.php\/wp-json\/wp\/v2\/pages\/98","targetHints":{"allow":["GET"]}}],"collection":[{"href":"https:\/\/driveandgo.pl\/index.php\/wp-json\/wp\/v2\/pages"}],"about":[{"href":"https:\/\/driveandgo.pl\/index.php\/wp-json\/wp\/v2\/types\/page"}],"author":[{"embeddable":true,"href":"https:\/\/driveandgo.pl\/index.php\/wp-json\/wp\/v2\/users\/1"}],"replies":[{"embeddable":true,"href":"https:\/\/driveandgo.pl\/index.php\/wp-json\/wp\/v2\/comments?post=98"}],"version-history":[{"count":5,"href":"https:\/\/driveandgo.pl\/index.php\/wp-json\/wp\/v2\/pages\/98\/revisions"}],"predecessor-version":[{"id":304,"href":"https:\/\/driveandgo.pl\/index.php\/wp-json\/wp\/v2\/pages\/98\/revisions\/304"}],"wp:attachment":[{"href":"https:\/\/driveandgo.pl\/index.php\/wp-json\/wp\/v2\/media?parent=98"}],"curies":[{"name":"wp","href":"https:\/\/api.w.org\/{rel}","templated":true}]}}