{"id":89,"date":"2021-06-23T08:09:21","date_gmt":"2021-06-23T08:09:21","guid":{"rendered":"https:\/\/driveandgo.pl\/?page_id=89"},"modified":"2021-06-23T19:12:17","modified_gmt":"2021-06-23T19:12:17","slug":"freenow","status":"publish","type":"page","link":"https:\/\/driveandgo.pl\/index.php\/freenow\/","title":{"rendered":"FreeNow"},"content":{"rendered":"\n<p class=\"has-medium-font-size\"><img loading=\"lazy\" decoding=\"async\" width=\"150\" height=\"150\" class=\"wp-image-200\" style=\"width: 150px;\" src=\"https:\/\/driveandgo.pl\/wp-content\/uploads\/2021\/06\/Free-Now.png\" alt=\"\" srcset=\"https:\/\/driveandgo.pl\/wp-content\/uploads\/2021\/06\/Free-Now.png 200w, https:\/\/driveandgo.pl\/wp-content\/uploads\/2021\/06\/Free-Now-150x150.png 150w\" sizes=\"auto, (max-width: 150px) 100vw, 150px\" \/><br><strong>Dlaczego FREE NOW?<\/strong><br>FREE NOW to pierwsza na \u015bwiecie aplikacja do zamawiania licencjonowanych taks\u00f3wek, kt\u00f3ra \u0142\u0105czy Kierowc\u0119 z Pasa\u017cerem. Zlecenia otrzymujesz bezpo\u015brednio z aplikacji na swoim smartfonie albo tablecie (bez po\u015brednictwa radio-taxi).<\/p>\n\n\n\n<p class=\"has-medium-font-size\">Kierowca FREE NOW to niezale\u017cny przedsi\u0119biorca: Ty sam decydujesz, kiedy \u2013 i przez ile czasu \u2013 chcesz je\u017adzi\u0107. Nie masz dy\u017cur\u00f3w, mo\u017cesz dorabia\u0107 w wolnym czasie i po\u0142\u0105czy\u0107 to z prac\u0105 dla swojej obecnej korporacji. Nie p\u0142acisz abonamentu ani wpisowego. Pobieramy prowizj\u0119 tylko od zrealizowanych kurs\u00f3w. Pieni\u0105dze wyp\u0142acamy raz w tygodniu na Twoje konto. Nasza aplikacja jest intuicyjna i bardzo przejrzysta. Mo\u017cesz realizowa\u0107 zlecenia \u201cna teraz\u201d albo zaplanowa\u0107 sobie dzie\u0144, przyjmuj\u0105c zam\u00f3wienia z wyprzedzeniem. Nie mamy tele-centrali, wszystkie zlecenia przyjmujesz bezpo\u015brednio przez aplikacj\u0119. Zawsze na czas trwania kursu udost\u0119pniamy Ci numer telefonu do Klienta, co zdecydowanie u\u0142atwia prac\u0119. Nasi u\u017cytkownicy, podr\u00f3\u017cuj\u0105c po Europie, korzystaj\u0105 z FREE NOW, co jest dla Ciebie dodatkowym \u017ar\u00f3d\u0142em zlece\u0144.<\/p>\n\n\n\n<p class=\"has-medium-font-size\">FREE NOW od pocz\u0105tk\u00f3w istnienia na rynku wsp\u00f3\u0142pracuje z licencjonowanymi taks\u00f3wkarzami, dlatego jest rzetelnym wsparciem dla os\u00f3b chc\u0105cych do\u0142\u0105czy\u0107 do tego zawodu. Jednocze\u015bnie FREE NOW ma wszystkie cechy nowoczesnej platformy \u0142\u0105cz\u0105cej pasa\u017cera z kierowc\u0105, takie jak:<\/p>\n\n\n\n<ul class=\"has-medium-font-size wp-block-list\"><li>zam\u00f3wienie i p\u0142atno\u015b\u0107 przez aplikacj\u0119,<\/li><\/ul>\n\n\n\n<ul class=\"has-medium-font-size wp-block-list\"><li>ceny elastyczne znane z g\u00f3ry (w opcji Lite i Plus),<\/li><\/ul>\n\n\n\n<ul class=\"has-medium-font-size wp-block-list\"><li>system prowizyjny ni\u017cszy ni\u017c u konkurencji (16% netto od zlecenia), oparty na rozliczeniu od zrealizowanych kurs\u00f3w,<\/li><\/ul>\n\n\n\n<ul class=\"has-medium-font-size wp-block-list\"><li>bonusy od okre\u015blonej liczby zrealizowanych kurs\u00f3w (tzw. Questy),<\/li><\/ul>\n\n\n\n<ul class=\"has-medium-font-size wp-block-list\"><li>zam\u00f3wienia z wyprzedzeniem (to ogromne u\u0142atwienie dla kierowc\u00f3w, kt\u00f3re pomaga im planowanie codziennej pracy),<\/li><\/ul>\n\n\n\n<ul class=\"has-medium-font-size wp-block-list\"><li>mi\u0119dzynarodowy zasi\u0119g (ponad 100 miast w Europie) przynosz\u0105cy wiele kurs\u00f3w z lotniska lub od turyst\u00f3w przebywaj\u0105cych w Polsce,<\/li><\/ul>\n\n\n\n<ul class=\"has-medium-font-size wp-block-list\"><li>funkcja Kurs po Drodze, dzi\u0119ki kt\u00f3rej kierowca otrzymuje zlecenia znajduj\u0105ce na trasie do okre\u015blonego przez niego celu, co zmniejsza liczb\u0119 kilometr\u00f3w przejechanych \u201cna pusto\u201d,<\/li><\/ul>\n\n\n\n<ul class=\"has-medium-font-size wp-block-list\"><li>funkcja wirtualnej Kolejki Lotniskowej, czyli system sprawiedliwego przydzielania zlece\u0144 z lotniska dla kierowc\u00f3w b\u0119d\u0105cych w pobli\u017cu, bez potrzeby zajmowania miejsca na postoju pod terminalem,<\/li><\/ul>\n\n\n\n<ul class=\"has-medium-font-size wp-block-list\"><li>Funkcja Kurs w Pobli\u017cu, dzi\u0119ki kt\u00f3rej kierowca mo\u017ce zaakceptowa\u0107 kurs w trakcie trwania bie\u017c\u0105cego zlecenia i skr\u00f3ci\u0107 czas dojazdu na kolejne zlecenie,<\/li><\/ul>\n\n\n\n<ul class=\"has-medium-font-size wp-block-list\"><li>Konto Biznesowe FREE NOW, czyli rozwi\u0105zanie dla firm i przedsi\u0119biorc\u00f3w, kt\u00f3rych pracownicy korzystaj\u0105 z jednej aplikacji podr\u00f3\u017cuj\u0105c s\u0142u\u017cbowo,<\/li><\/ul>\n\n\n\n<ul class=\"has-medium-font-size wp-block-list\"><li>wsp\u00f3\u0142praca z topowymi hotelami i restauracjami w Polsce, a tak\u017ce wy\u0142\u0105czne partnerstwa na masowych imprezach takich jak Open\u2019er, Orange Warsaw Festival czy Ironman.<\/li><\/ul>\n","protected":false},"excerpt":{"rendered":"<p>Dlaczego FREE NOW?FREE NOW to pierwsza na \u015bwiecie aplikacja do zamawiania licencjonowanych taks\u00f3wek, kt\u00f3ra \u0142\u0105czy Kierowc\u0119 z Pasa\u017cerem. Zlecenia otrzymujesz bezpo\u015brednio z aplikacji na swoim smartfonie albo tablecie (bez po\u015brednictwa radio-taxi). Kierowca FREE NOW to niezale\u017cny przedsi\u0119biorca: Ty sam decydujesz, kiedy \u2013 i przez ile czasu \u2013 chcesz je\u017adzi\u0107. Nie masz dy\u017cur\u00f3w, mo\u017cesz dorabia\u0107 w &hellip; <\/p>\n<p class=\"link-more\"><a href=\"https:\/\/driveandgo.pl\/index.php\/freenow\/\" class=\"more-link\">Czytaj dalej<span class=\"screen-reader-text\"> \u201eFreeNow\u201d<\/span><\/a><\/p>\n","protected":false},"author":1,"featured_media":0,"parent":0,"menu_order":0,"comment_status":"closed","ping_status":"closed","template":"","meta":{"footnotes":""},"class_list":["post-89","page","type-page","status-publish","hentry"],"_links":{"self":[{"href":"https:\/\/driveandgo.pl\/index.php\/wp-json\/wp\/v2\/pages\/89","targetHints":{"allow":["GET"]}}],"collection":[{"href":"https:\/\/driveandgo.pl\/index.php\/wp-json\/wp\/v2\/pages"}],"about":[{"href":"https:\/\/driveandgo.pl\/index.php\/wp-json\/wp\/v2\/types\/page"}],"author":[{"embeddable":true,"href":"https:\/\/driveandgo.pl\/index.php\/wp-json\/wp\/v2\/users\/1"}],"replies":[{"embeddable":true,"href":"https:\/\/driveandgo.pl\/index.php\/wp-json\/wp\/v2\/comments?post=89"}],"version-history":[{"count":3,"href":"https:\/\/driveandgo.pl\/index.php\/wp-json\/wp\/v2\/pages\/89\/revisions"}],"predecessor-version":[{"id":213,"href":"https:\/\/driveandgo.pl\/index.php\/wp-json\/wp\/v2\/pages\/89\/revisions\/213"}],"wp:attachment":[{"href":"https:\/\/driveandgo.pl\/index.php\/wp-json\/wp\/v2\/media?parent=89"}],"curies":[{"name":"wp","href":"https:\/\/api.w.org\/{rel}","templated":true}]}}