{"id":88,"date":"2021-06-23T08:09:21","date_gmt":"2021-06-23T08:09:21","guid":{"rendered":"https:\/\/driveandgo.pl\/?page_id=88"},"modified":"2021-06-23T19:11:50","modified_gmt":"2021-06-23T19:11:50","slug":"bolt","status":"publish","type":"page","link":"https:\/\/driveandgo.pl\/index.php\/bolt\/","title":{"rendered":"Bolt"},"content":{"rendered":"\n<p class=\"has-medium-font-size\"><img loading=\"lazy\" decoding=\"async\" width=\"150\" height=\"150\" class=\"wp-image-197\" style=\"width: 150px;\" src=\"https:\/\/driveandgo.pl\/wp-content\/uploads\/2021\/06\/Bolt-1-1.png\" alt=\"\" srcset=\"https:\/\/driveandgo.pl\/wp-content\/uploads\/2021\/06\/Bolt-1-1.png 200w, https:\/\/driveandgo.pl\/wp-content\/uploads\/2021\/06\/Bolt-1-1-150x150.png 150w\" sizes=\"auto, (max-width: 150px) 100vw, 150px\" \/><br>Taxify, aplikacja do przewoz\u00f3w os\u00f3b, zmieni\u0142a nazw\u0119 na Bolt. Rozszerzy\u0142a te\u017c swoje us\u0142ugi i w kr\u00f3tkim czasie sta\u0142a si\u0119 najwi\u0119kszym graczem na polskim rynku, dost\u0119pnym w ponad 20 miastach. Dlaczego si\u0119gn\u0105\u0107 akurat po t\u0119 aplikacj\u0119 a nie konkurencyjne?<\/p>\n\n\n\n<p class=\"has-medium-font-size\"><strong>Czym jest w og\u00f3le aplikacja Bolt?<\/strong><br>Bolt to aplikacja \u0142\u0105cz\u0105ca pasa\u017cer\u00f3w i kierowc\u00f3w, kt\u00f3ra obecnie dzia\u0142a ju\u017c w ponad 20 miastach w Polsce, w ponad 30 krajach na \u015bwiecie i ponad 100 miastach na naszym globie.<\/p>\n\n\n\n<p class=\"has-medium-font-size\"><strong>Co mamy w ofercie aplikacji?<\/strong><br>To oczywi\u015bcie zale\u017cy od miasta, bo ka\u017cde ma inne otoczenie i us\u0142ugi. Na przyk\u0142ad w Krakowie dost\u0119pne s\u0105 przejazdy pasa\u017cerskie w kategorii komfort, czyli o podwy\u017cszonym standardzie. Oferujemy te\u017c co\u015b, czego nie ma nasza konkurencja &#8211; kategori\u0119 XL, czyli auta wi\u0119ksze, vany kt\u00f3re maj\u0105 pomie\u015bci\u0107 do 7 pasa\u017cer\u00f3w &#8211; cieszy si\u0119 ona ogromnym powodzeniem w\u0142a\u015bnie w Krakowie. W wielu innych miastach oferta jest podobna. Czasami, np. w Warszawie, mamy specjaln\u0105 kategori\u0119 dla os\u00f3b niepe\u0142nosprawnych. <\/p>\n","protected":false},"excerpt":{"rendered":"<p>Taxify, aplikacja do przewoz\u00f3w os\u00f3b, zmieni\u0142a nazw\u0119 na Bolt. Rozszerzy\u0142a te\u017c swoje us\u0142ugi i w kr\u00f3tkim czasie sta\u0142a si\u0119 najwi\u0119kszym graczem na polskim rynku, dost\u0119pnym w ponad 20 miastach. Dlaczego si\u0119gn\u0105\u0107 akurat po t\u0119 aplikacj\u0119 a nie konkurencyjne? Czym jest w og\u00f3le aplikacja Bolt?Bolt to aplikacja \u0142\u0105cz\u0105ca pasa\u017cer\u00f3w i kierowc\u00f3w, kt\u00f3ra obecnie dzia\u0142a ju\u017c w &hellip; <\/p>\n<p class=\"link-more\"><a href=\"https:\/\/driveandgo.pl\/index.php\/bolt\/\" class=\"more-link\">Czytaj dalej<span class=\"screen-reader-text\"> \u201eBolt\u201d<\/span><\/a><\/p>\n","protected":false},"author":1,"featured_media":0,"parent":0,"menu_order":0,"comment_status":"closed","ping_status":"closed","template":"","meta":{"footnotes":""},"class_list":["post-88","page","type-page","status-publish","hentry"],"_links":{"self":[{"href":"https:\/\/driveandgo.pl\/index.php\/wp-json\/wp\/v2\/pages\/88","targetHints":{"allow":["GET"]}}],"collection":[{"href":"https:\/\/driveandgo.pl\/index.php\/wp-json\/wp\/v2\/pages"}],"about":[{"href":"https:\/\/driveandgo.pl\/index.php\/wp-json\/wp\/v2\/types\/page"}],"author":[{"embeddable":true,"href":"https:\/\/driveandgo.pl\/index.php\/wp-json\/wp\/v2\/users\/1"}],"replies":[{"embeddable":true,"href":"https:\/\/driveandgo.pl\/index.php\/wp-json\/wp\/v2\/comments?post=88"}],"version-history":[{"count":3,"href":"https:\/\/driveandgo.pl\/index.php\/wp-json\/wp\/v2\/pages\/88\/revisions"}],"predecessor-version":[{"id":212,"href":"https:\/\/driveandgo.pl\/index.php\/wp-json\/wp\/v2\/pages\/88\/revisions\/212"}],"wp:attachment":[{"href":"https:\/\/driveandgo.pl\/index.php\/wp-json\/wp\/v2\/media?parent=88"}],"curies":[{"name":"wp","href":"https:\/\/api.w.org\/{rel}","templated":true}]}}