{"id":87,"date":"2021-06-23T08:09:21","date_gmt":"2021-06-23T08:09:21","guid":{"rendered":"https:\/\/driveandgo.pl\/?page_id=87"},"modified":"2021-06-23T19:11:37","modified_gmt":"2021-06-23T19:11:37","slug":"uber","status":"publish","type":"page","link":"https:\/\/driveandgo.pl\/index.php\/uber\/","title":{"rendered":"Uber"},"content":{"rendered":"\n<p><img loading=\"lazy\" decoding=\"async\" width=\"150\" height=\"150\" class=\"wp-image-194\" style=\"width: 150px;\" src=\"https:\/\/driveandgo.pl\/wp-content\/uploads\/2021\/06\/Uber.png\" alt=\"\" srcset=\"https:\/\/driveandgo.pl\/wp-content\/uploads\/2021\/06\/Uber.png 200w, https:\/\/driveandgo.pl\/wp-content\/uploads\/2021\/06\/Uber-150x150.png 150w\" sizes=\"auto, (max-width: 150px) 100vw, 150px\" \/><\/p>\n\n\n\n<p class=\"has-medium-font-size\"><strong>Uber \u2013 co to takiego?<\/strong><br>Uber to aplikacja na smartfony, kt\u00f3ra pozwala \u0142\u0105czy\u0107 kierowc\u00f3w oferuj\u0105cych przejazdy i pasa\u017cer\u00f3w potrzebuj\u0105cych podwiezienia. Zasada dzia\u0142ania jest bardzo prosta. Gdy jeste\u015b w mie\u015bcie, w kt\u00f3rym dzia\u0142a Uber i potrzebujesz przejazdu, zg\u0142aszasz to w aplikacji, a Twoje zam\u00f3wienie trafia do najbli\u017cszego wsp\u00f3\u0142pracuj\u0105cego z Uberem kierowcy. Kiedy je przyjmie, aplikacja poinformuje Ci\u0119 o szacowanym czasie jego przyjazdu. Dostaniesz te\u017c szczeg\u00f3\u0142owe informacje na temat kierowcy i samochodu, kt\u00f3re pozwol\u0105 Ci wsi\u0105\u015b\u0107 do w\u0142a\u015bciwego pojazdu. Gdy dojedziesz do miejsca docelowego, przejazd ko\u0144czy si\u0119, a op\u0142ata za niego pobierana jest zgodnie z wybran\u0105 wcze\u015bniej metod\u0105 p\u0142atno\u015bci. Gwarancj\u0105 wysokiej jako\u015bci przejazd\u00f3w jest system ocen, kt\u00f3re s\u0105 wystawiane kierowcom przez pasa\u017cer\u00f3w i pasa\u017cerom przez kierowc\u00f3w.<\/p>\n\n\n\n<p class=\"has-medium-font-size\"><strong>Uber \u2013 historia zacz\u0119\u0142a si\u0119 od realnej potrzeby<\/strong><br>Historia Ubera ma swoje pocz\u0105tki 2008 r. w Pary\u017cu, kiedy Travis Kalanick i Garrett Camp w pewien \u015bnie\u017cny wiecz\u00f3r nie mogli z\u0142apa\u0107 \u017cadnej taks\u00f3wki. Pomy\u015bleli w\u00f3wczas, \u017ce idealnym rozwi\u0105zaniem by\u0142aby aplikacja, kt\u00f3ra pozwoli\u0142aby na szybkie zam\u00f3wienie przejazdu za dotkni\u0119ciem ekranu telefonu. Jako \u017ce obaj szukali wtedy pomys\u0142\u00f3w na swoje nast\u0119pne przedsi\u0119wzi\u0119cia, postanowili podj\u0105\u0107 temat. W nast\u0119pnym roku pierwsza wersja aplikacji by\u0142a gotowa. Podczas test\u00f3w w Nowym Jorku korzysta\u0142a zaledwie z trzech samochod\u00f3w, ale okaza\u0142a si\u0119 sukcesem i w ci\u0105gu kilku lat opanowa\u0142a \u015bwiat.<\/p>\n","protected":false},"excerpt":{"rendered":"<p>Uber \u2013 co to takiego?Uber to aplikacja na smartfony, kt\u00f3ra pozwala \u0142\u0105czy\u0107 kierowc\u00f3w oferuj\u0105cych przejazdy i pasa\u017cer\u00f3w potrzebuj\u0105cych podwiezienia. Zasada dzia\u0142ania jest bardzo prosta. Gdy jeste\u015b w mie\u015bcie, w kt\u00f3rym dzia\u0142a Uber i potrzebujesz przejazdu, zg\u0142aszasz to w aplikacji, a Twoje zam\u00f3wienie trafia do najbli\u017cszego wsp\u00f3\u0142pracuj\u0105cego z Uberem kierowcy. Kiedy je przyjmie, aplikacja poinformuje Ci\u0119 &hellip; <\/p>\n<p class=\"link-more\"><a href=\"https:\/\/driveandgo.pl\/index.php\/uber\/\" class=\"more-link\">Czytaj dalej<span class=\"screen-reader-text\"> \u201eUber\u201d<\/span><\/a><\/p>\n","protected":false},"author":1,"featured_media":0,"parent":0,"menu_order":0,"comment_status":"closed","ping_status":"closed","template":"","meta":{"footnotes":""},"class_list":["post-87","page","type-page","status-publish","hentry"],"_links":{"self":[{"href":"https:\/\/driveandgo.pl\/index.php\/wp-json\/wp\/v2\/pages\/87","targetHints":{"allow":["GET"]}}],"collection":[{"href":"https:\/\/driveandgo.pl\/index.php\/wp-json\/wp\/v2\/pages"}],"about":[{"href":"https:\/\/driveandgo.pl\/index.php\/wp-json\/wp\/v2\/types\/page"}],"author":[{"embeddable":true,"href":"https:\/\/driveandgo.pl\/index.php\/wp-json\/wp\/v2\/users\/1"}],"replies":[{"embeddable":true,"href":"https:\/\/driveandgo.pl\/index.php\/wp-json\/wp\/v2\/comments?post=87"}],"version-history":[{"count":4,"href":"https:\/\/driveandgo.pl\/index.php\/wp-json\/wp\/v2\/pages\/87\/revisions"}],"predecessor-version":[{"id":211,"href":"https:\/\/driveandgo.pl\/index.php\/wp-json\/wp\/v2\/pages\/87\/revisions\/211"}],"wp:attachment":[{"href":"https:\/\/driveandgo.pl\/index.php\/wp-json\/wp\/v2\/media?parent=87"}],"curies":[{"name":"wp","href":"https:\/\/api.w.org\/{rel}","templated":true}]}}