{"id":461,"date":"2024-12-04T15:03:10","date_gmt":"2024-12-04T13:03:10","guid":{"rendered":"https:\/\/driveandgo.pl\/?page_id=461"},"modified":"2025-01-14T15:38:08","modified_gmt":"2025-01-14T13:38:08","slug":"cennik-przejazdow","status":"publish","type":"page","link":"https:\/\/driveandgo.pl\/index.php\/cennik-przejazdow\/","title":{"rendered":"Cennik przejazd\u00f3w"},"content":{"rendered":"\n<p><strong>1 Taryfa&nbsp;<\/strong>&nbsp;obowi\u0105zuje w dzie\u0144 powszedni w godz. 6:00-22:00<\/p>\n\n\n\n<p><strong>2 Taryfa<\/strong>&nbsp; obowi\u0105zuje w dzie\u0144 powszedni w godz. 22:00-6:00 oraz w niedziel\u0119 i \u015bwi\u0119ta przez ca\u0142\u0105 dob\u0119, w tym 24 i 31 grudnia i w sobot\u0119 poprzedzaj\u0105c\u0105 Wielkanoc od godz. 19.00<\/p>\n\n\n\n<h2 class=\"wp-block-heading has-text-align-center\"><strong>Przew\u00f3z os\u00f3b<\/strong><\/h2>\n\n\n\n<ul class=\"wp-block-list\">\n<li><strong>Op\u0142ata pocz\u0105tkowa<\/strong><sub>&#8230;&#8230;&#8230;&#8230;&#8230;&#8230;&#8230;&#8230;&#8230;&#8230;&#8230;&#8230;&#8230;&#8230;&#8230;&#8230;&#8230;&#8230;&#8230;&#8230;&#8230;&#8230;&#8230;&#8230;&#8230;&#8230;&#8230;&#8230;<\/sub><mark style=\"background-color:rgba(0, 0, 0, 0)\" class=\"has-inline-color has-luminous-vivid-amber-color\"><strong>10,00 z\u0142<\/strong><\/mark><\/li>\n\n\n\n<li><strong>Op\u0142ata za 1 km jazdy w I taryfie<\/strong><sub>&#8230;&#8230;&#8230;&#8230;&#8230;&#8230;&#8230;&#8230;&#8230;&#8230;&#8230;&#8230;&#8230;&#8230;&#8230;&#8230;&#8230;&#8230;<\/sub><mark style=\"background-color:rgba(0, 0, 0, 0)\" class=\"has-inline-color has-luminous-vivid-amber-color\"><strong>5,00 z\u0142<\/strong><\/mark><\/li>\n\n\n\n<li><strong>Op\u0142ata za 1 km jazdy w II taryfie<\/strong><sub>&#8230;&#8230;&#8230;&#8230;&#8230;&#8230;&#8230;&#8230;&#8230;&#8230;&#8230;&#8230;&#8230;&#8230;&#8230;&#8230;&#8230;.<\/sub><mark style=\"background-color:rgba(0, 0, 0, 0)\" class=\"has-inline-color has-luminous-vivid-amber-color\"><strong>7,50 z\u0142<\/strong><\/mark><\/li>\n\n\n\n<li><strong>Op\u0142ata za godzin\u0119 postoju<\/strong><sub>&#8230;&#8230;&#8230;&#8230;&#8230;&#8230;&#8230;&#8230;&#8230;&#8230;&#8230;&#8230;&#8230;&#8230;&#8230;&#8230;&#8230;&#8230;&#8230;&#8230;&#8230;&#8230;.<\/sub><mark style=\"background-color:rgba(0, 0, 0, 0)\" class=\"has-inline-color has-luminous-vivid-amber-color\"><strong>50,00 zl<\/strong><\/mark><br><em>Op\u0142ata naliczana za ka\u017cd\u0105 rozpocz\u0119t\u0105 godzin\u0119<\/em><br><\/li>\n<\/ul>\n\n\n\n<figure class=\"wp-block-gallery has-nested-images columns-default is-cropped wp-block-gallery-1 is-layout-flex wp-block-gallery-is-layout-flex\">\n<figure data-wp-context=\"{&quot;imageId&quot;:&quot;69de2c1151227&quot;}\" data-wp-interactive=\"core\/image\" data-wp-key=\"69de2c1151227\" class=\"wp-block-image size-large wp-lightbox-container\"><img loading=\"lazy\" decoding=\"async\" width=\"1024\" height=\"739\" data-wp-class--hide=\"state.isContentHidden\" data-wp-class--show=\"state.isContentVisible\" data-wp-init=\"callbacks.setButtonStyles\" data-wp-on--click=\"actions.showLightbox\" data-wp-on--load=\"callbacks.setButtonStyles\" data-wp-on-window--resize=\"callbacks.setButtonStyles\" data-id=\"469\" src=\"https:\/\/driveandgo.pl\/wp-content\/uploads\/2024\/12\/Skan_20241204-1024x739.png\" alt=\"\" class=\"wp-image-469\" srcset=\"https:\/\/driveandgo.pl\/wp-content\/uploads\/2024\/12\/Skan_20241204-1024x739.png 1024w, https:\/\/driveandgo.pl\/wp-content\/uploads\/2024\/12\/Skan_20241204-300x216.png 300w, https:\/\/driveandgo.pl\/wp-content\/uploads\/2024\/12\/Skan_20241204-768x554.png 768w, https:\/\/driveandgo.pl\/wp-content\/uploads\/2024\/12\/Skan_20241204-1536x1108.png 1536w, https:\/\/driveandgo.pl\/wp-content\/uploads\/2024\/12\/Skan_20241204-600x433.png 600w, https:\/\/driveandgo.pl\/wp-content\/uploads\/2024\/12\/Skan_20241204-222x160.png 222w, https:\/\/driveandgo.pl\/wp-content\/uploads\/2024\/12\/Skan_20241204.png 1654w\" sizes=\"auto, (max-width: 767px) 89vw, (max-width: 1000px) 54vw, (max-width: 1071px) 543px, 580px\" \/><button\n\t\t\tclass=\"lightbox-trigger\"\n\t\t\ttype=\"button\"\n\t\t\taria-haspopup=\"dialog\"\n\t\t\taria-label=\"Powi\u0119ksz\"\n\t\t\tdata-wp-init=\"callbacks.initTriggerButton\"\n\t\t\tdata-wp-on--click=\"actions.showLightbox\"\n\t\t\tdata-wp-style--right=\"state.imageButtonRight\"\n\t\t\tdata-wp-style--top=\"state.imageButtonTop\"\n\t\t>\n\t\t\t<svg xmlns=\"http:\/\/www.w3.org\/2000\/svg\" width=\"12\" height=\"12\" fill=\"none\" viewBox=\"0 0 12 12\">\n\t\t\t\t<path fill=\"#fff\" d=\"M2 0a2 2 0 0 0-2 2v2h1.5V2a.5.5 0 0 1 .5-.5h2V0H2Zm2 10.5H2a.5.5 0 0 1-.5-.5V8H0v2a2 2 0 0 0 2 2h2v-1.5ZM8 12v-1.5h2a.5.5 0 0 0 .5-.5V8H12v2a2 2 0 0 1-2 2H8Zm2-12a2 2 0 0 1 2 2v2h-1.5V2a.5.5 0 0 0-.5-.5H8V0h2Z\" \/>\n\t\t\t<\/svg>\n\t\t<\/button><\/figure>\n\n\n\n<figure data-wp-context=\"{&quot;imageId&quot;:&quot;69de2c11517f6&quot;}\" data-wp-interactive=\"core\/image\" data-wp-key=\"69de2c11517f6\" class=\"wp-block-image size-large wp-lightbox-container\"><img loading=\"lazy\" decoding=\"async\" width=\"1024\" height=\"686\" data-wp-class--hide=\"state.isContentHidden\" data-wp-class--show=\"state.isContentVisible\" data-wp-init=\"callbacks.setButtonStyles\" data-wp-on--click=\"actions.showLightbox\" data-wp-on--load=\"callbacks.setButtonStyles\" data-wp-on-window--resize=\"callbacks.setButtonStyles\" data-id=\"470\" src=\"https:\/\/driveandgo.pl\/wp-content\/uploads\/2024\/12\/Skan_20241204-2-1024x686.png\" alt=\"\" class=\"wp-image-470\" srcset=\"https:\/\/driveandgo.pl\/wp-content\/uploads\/2024\/12\/Skan_20241204-2-1024x686.png 1024w, https:\/\/driveandgo.pl\/wp-content\/uploads\/2024\/12\/Skan_20241204-2-300x201.png 300w, https:\/\/driveandgo.pl\/wp-content\/uploads\/2024\/12\/Skan_20241204-2-768x514.png 768w, https:\/\/driveandgo.pl\/wp-content\/uploads\/2024\/12\/Skan_20241204-2-1536x1028.png 1536w, https:\/\/driveandgo.pl\/wp-content\/uploads\/2024\/12\/Skan_20241204-2-600x402.png 600w, https:\/\/driveandgo.pl\/wp-content\/uploads\/2024\/12\/Skan_20241204-2-239x160.png 239w, https:\/\/driveandgo.pl\/wp-content\/uploads\/2024\/12\/Skan_20241204-2.png 1797w\" sizes=\"auto, (max-width: 767px) 89vw, (max-width: 1000px) 54vw, (max-width: 1071px) 543px, 580px\" \/><button\n\t\t\tclass=\"lightbox-trigger\"\n\t\t\ttype=\"button\"\n\t\t\taria-haspopup=\"dialog\"\n\t\t\taria-label=\"Powi\u0119ksz\"\n\t\t\tdata-wp-init=\"callbacks.initTriggerButton\"\n\t\t\tdata-wp-on--click=\"actions.showLightbox\"\n\t\t\tdata-wp-style--right=\"state.imageButtonRight\"\n\t\t\tdata-wp-style--top=\"state.imageButtonTop\"\n\t\t>\n\t\t\t<svg xmlns=\"http:\/\/www.w3.org\/2000\/svg\" width=\"12\" height=\"12\" fill=\"none\" viewBox=\"0 0 12 12\">\n\t\t\t\t<path fill=\"#fff\" d=\"M2 0a2 2 0 0 0-2 2v2h1.5V2a.5.5 0 0 1 .5-.5h2V0H2Zm2 10.5H2a.5.5 0 0 1-.5-.5V8H0v2a2 2 0 0 0 2 2h2v-1.5ZM8 12v-1.5h2a.5.5 0 0 0 .5-.5V8H12v2a2 2 0 0 1-2 2H8Zm2-12a2 2 0 0 1 2 2v2h-1.5V2a.5.5 0 0 0-.5-.5H8V0h2Z\" \/>\n\t\t\t<\/svg>\n\t\t<\/button><\/figure>\n<\/figure>\n\n\n\n<h2 class=\"wp-block-heading has-text-align-center\"><strong>Przew\u00f3z zwierz\u0105t<\/strong><\/h2>\n\n\n\n<ul class=\"wp-block-list\">\n<li><strong>W transporterze<\/strong><sub>&#8230;&#8230;&#8230;&#8230;&#8230;&#8230;&#8230;&#8230;&#8230;&#8230;&#8230;&#8230;&#8230;&#8230;&#8230;&#8230;&#8230;&#8230;&#8230;&#8230;&#8230;&#8230;&#8230;&#8230;&#8230;&#8230;&#8230;&#8230;&#8230;&#8230;.<\/sub><mark style=\"background-color:rgba(0, 0, 0, 0)\" class=\"has-inline-color has-luminous-vivid-amber-color\"><strong>gratis<\/strong><\/mark><\/li>\n\n\n\n<li><strong>Bez transportera<\/strong><sub>&#8230;&#8230;&#8230;&#8230;&#8230;&#8230;&#8230;&#8230;&#8230;&#8230;&#8230;&#8230;&#8230;&#8230;&#8230;&#8230;&#8230;&#8230;&#8230;&#8230;&#8230;&#8230;&#8230;&#8230;&#8230;&#8230;&#8230;&#8230;&#8230;&#8230;<\/sub><mark style=\"background-color:rgba(0, 0, 0, 0)\" class=\"has-inline-color has-luminous-vivid-amber-color\"><strong>25,00 z\u0142<\/strong><\/mark><br><\/li>\n<\/ul>\n\n\n\n<h2 class=\"wp-block-heading has-text-align-center\"><strong>Odpalanie samochodu<\/strong><\/h2>\n\n\n\n<ul class=\"wp-block-list\">\n<li><strong>Kable klienta<\/strong><sub>&#8230;&#8230;&#8230;&#8230;&#8230;&#8230;&#8230;&#8230;&#8230;&#8230;&#8230;&#8230;&#8230;&#8230;&#8230;&#8230;&#8230;&#8230;&#8230;&#8230;&#8230;&#8230;&#8230;&#8230;&#8230;&#8230;&#8230;&#8230;&#8230;&#8230;&#8230;&#8230;..<\/sub><mark style=\"background-color:rgba(0, 0, 0, 0)\" class=\"has-inline-color has-luminous-vivid-amber-color\"><strong>30,00 z\u0142<\/strong><\/mark><\/li>\n\n\n\n<li><strong>Nasze kable<\/strong><sub>&#8230;&#8230;&#8230;&#8230;&#8230;&#8230;&#8230;&#8230;&#8230;&#8230;&#8230;&#8230;&#8230;&#8230;&#8230;&#8230;&#8230;&#8230;&#8230;&#8230;&#8230;&#8230;&#8230;&#8230;&#8230;&#8230;&#8230;&#8230;&#8230;&#8230;&#8230;&#8230;&#8230;..<\/sub><mark style=\"background-color:rgba(0, 0, 0, 0)\" class=\"has-inline-color has-luminous-vivid-amber-color\"><strong>50,00 z\u0142<\/strong><\/mark><br><sub>Kwoty obejmuj\u0105 jedynie odpalenie samochodu. Dojazd do klienta liczony osobno.<br><\/sub><\/li>\n<\/ul>\n\n\n\n<p><\/p>\n","protected":false},"excerpt":{"rendered":"<p>1 Taryfa&nbsp;&nbsp;obowi\u0105zuje w dzie\u0144 powszedni w godz. 6:00-22:00 2 Taryfa&nbsp; obowi\u0105zuje w dzie\u0144 powszedni w godz. 22:00-6:00 oraz w niedziel\u0119 i \u015bwi\u0119ta przez ca\u0142\u0105 dob\u0119, w tym 24 i 31 grudnia i w sobot\u0119 poprzedzaj\u0105c\u0105 Wielkanoc od godz. 19.00 Przew\u00f3z os\u00f3b Przew\u00f3z zwierz\u0105t Odpalanie samochodu<\/p>\n","protected":false},"author":1,"featured_media":0,"parent":0,"menu_order":0,"comment_status":"closed","ping_status":"closed","template":"","meta":{"footnotes":""},"class_list":["post-461","page","type-page","status-publish","hentry"],"_links":{"self":[{"href":"https:\/\/driveandgo.pl\/index.php\/wp-json\/wp\/v2\/pages\/461","targetHints":{"allow":["GET"]}}],"collection":[{"href":"https:\/\/driveandgo.pl\/index.php\/wp-json\/wp\/v2\/pages"}],"about":[{"href":"https:\/\/driveandgo.pl\/index.php\/wp-json\/wp\/v2\/types\/page"}],"author":[{"embeddable":true,"href":"https:\/\/driveandgo.pl\/index.php\/wp-json\/wp\/v2\/users\/1"}],"replies":[{"embeddable":true,"href":"https:\/\/driveandgo.pl\/index.php\/wp-json\/wp\/v2\/comments?post=461"}],"version-history":[{"count":10,"href":"https:\/\/driveandgo.pl\/index.php\/wp-json\/wp\/v2\/pages\/461\/revisions"}],"predecessor-version":[{"id":525,"href":"https:\/\/driveandgo.pl\/index.php\/wp-json\/wp\/v2\/pages\/461\/revisions\/525"}],"wp:attachment":[{"href":"https:\/\/driveandgo.pl\/index.php\/wp-json\/wp\/v2\/media?parent=461"}],"curies":[{"name":"wp","href":"https:\/\/api.w.org\/{rel}","templated":true}]}}