{"id":36,"date":"2021-05-23T06:28:56","date_gmt":"2021-05-23T06:28:56","guid":{"rendered":"http:\/\/driveandgo.pl\/?page_id=36"},"modified":"2025-03-07T12:50:28","modified_gmt":"2025-03-07T10:50:28","slug":"witamy","status":"publish","type":"page","link":"https:\/\/driveandgo.pl\/index.php\/witamy\/","title":{"rendered":"O nas"},"content":{"rendered":"\n<p class=\"has-medium-font-size\">Mark\u0119 Drive and GO tworz\u0105 ludzie od lat wsp\u00f3\u0142pracuj\u0105cy z platformami Uber, Bolt oraz FreeNow. Znaj\u0105c specyfik\u0119 bran\u017cy jeste\u015bmy w stanie przeprowadzi\u0107 Ci\u0119 przez proces licencyjny, mo\u017cemy podpowiedzie\u0107 pewne rozwi\u0105zania oraz jeste\u015bmy w stanie szybko i sprawnie reagowa\u0107 w razie potrzeby.<\/p>\n\n\n\n<p class=\"has-medium-font-size\">Mo\u017cesz rozpocz\u0105\u0107 wsp\u00f3\u0142prac\u0119 w ramach us\u0142ug TAXI za po\u015brednictwem jednej z popularnych aplikacji. Za rozliczenie, pobieramy 99 z\u0142 tygodniowo, bez wzgl\u0119du na liczb\u0119 aplikacji z kt\u00f3rych korzystasz. Nie pobieramy 1% od obrotu!<\/p>\n\n\n\n<p class=\"has-medium-font-size\">Wsp\u00f3\u0142pracuj\u0105c z nami mo\u017cesz je\u017adzi\u0107 na w\u0142asnym samochodzie, je\u015bli spe\u0142nia warunki licencji TAXI, lub zdecydowa\u0107 si\u0119 na pojazdy rekomendowane przez nas i dostarczone przez naszych partner\u00f3w flotowych.<\/p>\n\n\n\n<p class=\"has-medium-font-size\">Zapewniamy terminowe rozliczenia, obs\u0142ug\u0119 prawn\u0105, pomoc w sprawach serwisowych.<\/p>\n\n\n\n<p class=\"has-medium-font-size\">W razie pyta\u0144 skontaktuj si\u0119 mailowo: <a href=\"mailto:biuro@driveandgo.pl\">biuro@driveandgo.pl<\/a><\/p>\n","protected":false},"excerpt":{"rendered":"<p>Mark\u0119 Drive and GO tworz\u0105 ludzie od lat wsp\u00f3\u0142pracuj\u0105cy z platformami Uber, Bolt oraz FreeNow. Znaj\u0105c specyfik\u0119 bran\u017cy jeste\u015bmy w stanie przeprowadzi\u0107 Ci\u0119 przez proces licencyjny, mo\u017cemy podpowiedzie\u0107 pewne rozwi\u0105zania oraz jeste\u015bmy w stanie szybko i sprawnie reagowa\u0107 w razie potrzeby. Mo\u017cesz rozpocz\u0105\u0107 wsp\u00f3\u0142prac\u0119 w ramach us\u0142ug TAXI za po\u015brednictwem jednej z popularnych aplikacji. Za &hellip; <\/p>\n<p class=\"link-more\"><a href=\"https:\/\/driveandgo.pl\/index.php\/witamy\/\" class=\"more-link\">Czytaj dalej<span class=\"screen-reader-text\"> \u201eO nas\u201d<\/span><\/a><\/p>\n","protected":false},"author":1,"featured_media":0,"parent":0,"menu_order":0,"comment_status":"closed","ping_status":"closed","template":"","meta":{"footnotes":""},"class_list":["post-36","page","type-page","status-publish","hentry"],"_links":{"self":[{"href":"https:\/\/driveandgo.pl\/index.php\/wp-json\/wp\/v2\/pages\/36","targetHints":{"allow":["GET"]}}],"collection":[{"href":"https:\/\/driveandgo.pl\/index.php\/wp-json\/wp\/v2\/pages"}],"about":[{"href":"https:\/\/driveandgo.pl\/index.php\/wp-json\/wp\/v2\/types\/page"}],"author":[{"embeddable":true,"href":"https:\/\/driveandgo.pl\/index.php\/wp-json\/wp\/v2\/users\/1"}],"replies":[{"embeddable":true,"href":"https:\/\/driveandgo.pl\/index.php\/wp-json\/wp\/v2\/comments?post=36"}],"version-history":[{"count":10,"href":"https:\/\/driveandgo.pl\/index.php\/wp-json\/wp\/v2\/pages\/36\/revisions"}],"predecessor-version":[{"id":599,"href":"https:\/\/driveandgo.pl\/index.php\/wp-json\/wp\/v2\/pages\/36\/revisions\/599"}],"wp:attachment":[{"href":"https:\/\/driveandgo.pl\/index.php\/wp-json\/wp\/v2\/media?parent=36"}],"curies":[{"name":"wp","href":"https:\/\/api.w.org\/{rel}","templated":true}]}}