{"id":168,"date":"2021-06-23T18:46:32","date_gmt":"2021-06-23T18:46:32","guid":{"rendered":"https:\/\/driveandgo.pl\/?page_id=168"},"modified":"2025-03-12T16:54:26","modified_gmt":"2025-03-12T14:54:26","slug":"kierowcy","status":"publish","type":"page","link":"https:\/\/driveandgo.pl\/index.php\/kierowcy\/","title":{"rendered":"Kierowcy"},"content":{"rendered":"\n<p class=\"has-medium-font-size\">Wsp\u00f3\u0142pracuj\u0105c z Drive and GO mo\u017cesz wykonywa\u0107 przejazdy z platformami \u0142\u0105cz\u0105cymi kierowc\u00f3w z pasa\u017cerami. Drive and GO jest licencjonowanym partnerem firm Uber, Bolt oraz FreeNow. Realizuj\u0105c przejazdy z nami masz pewno\u015b\u0107, \u017ce pomo\u017cemy Ci w przej\u015bciu przez proces licencjonowania. Do przyjmowania zlece\u0144 potrzebujesz mie\u0107 samoch\u00f3d spe\u0142niaj\u0105cy warunki dla taks\u00f3wek (wbite w dowodzie TAXI), a jako kierowca potrzebujesz za\u015bwiadczenia o niekaralno\u015bci, bada\u0144 lekarskich oraz psychotechnicznych. Z nami nie musisz zak\u0142ada\u0107 dzia\u0142alno\u015bci gospodarczej. Nasi ksi\u0119gowi dokonaj\u0105 rozlicze\u0144 za Ciebie!<\/p>\n\n\n\n<p class=\"has-medium-font-size\">Za wykonywanie przejazd\u00f3w pobieramy 99 z\u0142 tygodniowo za rozliczenie, bez wzgl\u0119du na liczb\u0119 aplikacji z kt\u00f3rych korzystasz! <\/p>\n\n\n\n<p class=\"has-large-font-size\">Nie pobieramy 1% op\u0142aty od obrotu!<\/p>\n\n\n\n<p><\/p>\n\n\n\n<p><\/p>\n","protected":false},"excerpt":{"rendered":"<p>Wsp\u00f3\u0142pracuj\u0105c z Drive and GO mo\u017cesz wykonywa\u0107 przejazdy z platformami \u0142\u0105cz\u0105cymi kierowc\u00f3w z pasa\u017cerami. Drive and GO jest licencjonowanym partnerem firm Uber, Bolt oraz FreeNow. Realizuj\u0105c przejazdy z nami masz pewno\u015b\u0107, \u017ce pomo\u017cemy Ci w przej\u015bciu przez proces licencjonowania. Do przyjmowania zlece\u0144 potrzebujesz mie\u0107 samoch\u00f3d spe\u0142niaj\u0105cy warunki dla taks\u00f3wek (wbite w dowodzie TAXI), a jako &hellip; <\/p>\n<p class=\"link-more\"><a href=\"https:\/\/driveandgo.pl\/index.php\/kierowcy\/\" class=\"more-link\">Czytaj dalej<span class=\"screen-reader-text\"> \u201eKierowcy\u201d<\/span><\/a><\/p>\n","protected":false},"author":1,"featured_media":0,"parent":0,"menu_order":0,"comment_status":"closed","ping_status":"closed","template":"","meta":{"footnotes":""},"class_list":["post-168","page","type-page","status-publish","hentry"],"_links":{"self":[{"href":"https:\/\/driveandgo.pl\/index.php\/wp-json\/wp\/v2\/pages\/168","targetHints":{"allow":["GET"]}}],"collection":[{"href":"https:\/\/driveandgo.pl\/index.php\/wp-json\/wp\/v2\/pages"}],"about":[{"href":"https:\/\/driveandgo.pl\/index.php\/wp-json\/wp\/v2\/types\/page"}],"author":[{"embeddable":true,"href":"https:\/\/driveandgo.pl\/index.php\/wp-json\/wp\/v2\/users\/1"}],"replies":[{"embeddable":true,"href":"https:\/\/driveandgo.pl\/index.php\/wp-json\/wp\/v2\/comments?post=168"}],"version-history":[{"count":7,"href":"https:\/\/driveandgo.pl\/index.php\/wp-json\/wp\/v2\/pages\/168\/revisions"}],"predecessor-version":[{"id":601,"href":"https:\/\/driveandgo.pl\/index.php\/wp-json\/wp\/v2\/pages\/168\/revisions\/601"}],"wp:attachment":[{"href":"https:\/\/driveandgo.pl\/index.php\/wp-json\/wp\/v2\/media?parent=168"}],"curies":[{"name":"wp","href":"https:\/\/api.w.org\/{rel}","templated":true}]}}